{"id":14948,"date":"2014-08-29T02:09:43","date_gmt":"2014-08-29T00:09:43","guid":{"rendered":"https:\/\/www.lokbest-store.com\/avtryck\/"},"modified":"2025-05-08T11:17:52","modified_gmt":"2025-05-08T09:17:52","slug":"avtryck","status":"publish","type":"page","link":"https:\/\/www.lokbest-store.com\/sv\/avtryck\/","title":{"rendered":"Avtryck"},"content":{"rendered":"\n<style type=\"text\/css\" data-created_by=\"avia_inline_auto\" id=\"style-css-av-2824iv-f4977828deed7b3c7b72fea1a367bc7f\">\n.avia-section.av-2824iv-f4977828deed7b3c7b72fea1a367bc7f{\nbackground-repeat:no-repeat;\nbackground-image:url(https:\/\/www.lokbest-store.com\/wp-content\/uploads\/2022\/09\/main_slider-corr-444.jpg);\nbackground-position:50% 50%;\nbackground-attachment:scroll;\n}\n.avia-section.av-2824iv-f4977828deed7b3c7b72fea1a367bc7f .av-section-color-overlay{\nopacity:0.5;\nbackground-color:#000000;\n}\n.avia-section.av-2824iv-f4977828deed7b3c7b72fea1a367bc7f .av-extra-border-element .av-extra-border-inner{\nbackground-color:#ffffff;\n}\n<\/style>\n<div id='av_section_1'  class='avia-section av-2824iv-f4977828deed7b3c7b72fea1a367bc7f main_color avia-section-default avia-no-border-styling  avia-builder-el-0  el_before_av_section  avia-builder-el-first  avia-full-stretch avia-bg-style-scroll av-section-color-overlay-active av-arrow-down-section container_wrap fullsize'  data-section-bg-repeat='stretch'><div class=\"av-section-color-overlay-wrap\"><div class=\"av-section-color-overlay\"><\/div><div class='container av-section-cont-open' ><main  role=\"main\" itemprop=\"mainContentOfPage\"  class='template-page content  av-content-full alpha units'><div class='post-entry post-entry-type-page post-entry-14948'><div class='entry-content-wrapper clearfix'>\n\n<style type=\"text\/css\" data-created_by=\"avia_inline_auto\" id=\"style-css-av-7eqz3-45b990170fcc26c957f3cf5231cb155c\">\n#top .av-special-heading.av-7eqz3-45b990170fcc26c957f3cf5231cb155c{\npadding-bottom:0;\ncolor:#ffffff;\nfont-size:65px;\n}\nbody .av-special-heading.av-7eqz3-45b990170fcc26c957f3cf5231cb155c .av-special-heading-tag .heading-char{\nfont-size:25px;\n}\n#top #wrap_all .av-special-heading.av-7eqz3-45b990170fcc26c957f3cf5231cb155c .av-special-heading-tag{\nfont-size:65px;\n}\n.av-special-heading.av-7eqz3-45b990170fcc26c957f3cf5231cb155c .special-heading-inner-border{\nborder-color:#ffffff;\n}\n.av-special-heading.av-7eqz3-45b990170fcc26c957f3cf5231cb155c .av-subheading{\nfont-size:20px;\n}\n\n@media only screen and (max-width: 479px){ \n#top #wrap_all .av-special-heading.av-7eqz3-45b990170fcc26c957f3cf5231cb155c .av-special-heading-tag{\nfont-size:40px;\n}\n}\n\n@media only screen and (min-width: 480px) and (max-width: 767px){ \n#top #wrap_all .av-special-heading.av-7eqz3-45b990170fcc26c957f3cf5231cb155c .av-special-heading-tag{\nfont-size:0.8em;\n}\n}\n<\/style>\n<div  class='av-special-heading av-7eqz3-45b990170fcc26c957f3cf5231cb155c av-special-heading-h1 custom-color-heading blockquote modern-quote  avia-builder-el-1  avia-builder-el-no-sibling  av-inherit-size'><h1 class='av-special-heading-tag '  itemprop=\"headline\"  >Avtryck<\/h1><div class=\"special-heading-border\"><div class=\"special-heading-inner-border\"><\/div><\/div><\/div>\n\n<\/div><\/div><\/main><!-- close content main element --><\/div><div class='av-extra-border-element border-extra-arrow-down'><div class='av-extra-border-outer'><div class='av-extra-border-inner'><\/div><\/div><\/div><\/div><\/div><div id='av_section_2'  class='avia-section av-8c6of-28e31935af5964bb09cbcb26904b1583 main_color avia-section-default avia-no-border-styling  avia-builder-el-2  el_after_av_section  avia-builder-el-last  avia-bg-style-scroll container_wrap fullsize'  ><div class='container av-section-cont-open' ><div class='template-page content  av-content-full alpha units'><div class='post-entry post-entry-type-page post-entry-14948'><div class='entry-content-wrapper clearfix'>\n<section  class='av_textblock_section av-l1cdzx7h-e3b0eb4f5f9fe137c4d289354cae9b98 '   itemscope=\"itemscope\" itemtype=\"https:\/\/schema.org\/CreativeWork\" ><div class='avia_textblock'  itemprop=\"text\" ><p>LOKBEST GmbH<br \/>\nHettlinger Stra\u00dfe 9<br \/>\n86637 Wertingen<\/p>\n<p>Handelsregister: HRB 37354<br \/>\nRegisterdomstol: Augsburgs lokala domstol<\/p>\n<p>F\u00f6retr\u00e4dda av:<strong><br \/>\n<\/strong>Erwin M\u00fcller<br \/>\nKallola Bal<br \/>\nMyriam Kim Haber<\/p>\n<h2>Kontakta oss<\/h2>\n<p>Telefon: +49 (0) 8272 807465<br \/>\nFax: +49 (0) 8272 807200<br \/>\nE-post: <a href=\"javascript:secureDecryptAndNavigate('aBkFqkCmL9HrYzG1+e7iQFUpCbOqPXoVhBNccfSycVoxE\/Ed3tlsILD3JCQWES1d9SCXjVcaopdEySEVWGXp4GMI8gg3tuvu1qRvzqw=', '45822d822eb97d7e25edfd3307d5389ce813f5b0544df42098e1caaacc491d1a')\">in&#102;o&#64;&#108;ok&#98;e&#115;t&#45;s&#116;&#111;&#114;&#101;&#46;co&#109;<\/a><\/p>\n<h2>ID f\u00f6r f\u00f6rs\u00e4ljningsskatt<\/h2>\n<p>Identifikationsnummer f\u00f6r oms\u00e4ttningsskatt enligt \u00a7 27 a i lagen om oms\u00e4ttningsskatt:<br \/>\nDE352818022<\/p>\n<h2>Redaktionellt ansvarig<\/h2>\n<p>Myriam Kim Haber<br \/>\nHettlinger Street 9<br \/>\n86637 Wertingen<\/p>\n<h2>EU:s tvistl\u00f6sning<\/h2>\n<p>Europeiska kommissionen tillhandah\u00e5ller en plattform f\u00f6r tvistl\u00f6sning online (OS): <a href=\"https:\/\/ec.europa.eu\/consumers\/odr\/\" target=\"_blank\" rel=\"noopener noreferrer\">https:\/\/ec.europa.eu\/consumers\/odr\/.<\/a><br \/>\nDu hittar v\u00e5r e-postadress i det juridiska meddelandet ovan.<\/p>\n<h2>L\u00f6sning av konsumenttvister\/universellt skiljedomscenter<\/h2>\n<p>Vi \u00e4r inte villiga eller skyldiga att delta i tvistl\u00f6sningsf\u00f6rfaranden inf\u00f6r en skiljen\u00e4mnd f\u00f6r konsumenter.<\/p>\n<\/div><\/section>\n\n","protected":false},"excerpt":{"rendered":"","protected":false},"author":3,"featured_media":0,"parent":0,"menu_order":0,"comment_status":"open","ping_status":"open","template":"","meta":{"_acf_changed":false,"inline_featured_image":false,"footnotes":""},"class_list":["post-14948","page","type-page","status-publish","hentry"],"acf":[],"yoast_head":"<!-- This site is optimized with the Yoast SEO Premium plugin v26.4 (Yoast SEO v27.0) - https:\/\/yoast.com\/product\/yoast-seo-premium-wordpress\/ -->\n<title>Avtryck - LOKBEST Store<\/title>\n<meta name=\"robots\" content=\"noindex, follow\" \/>\n<meta property=\"og:locale\" content=\"sv_SE\" \/>\n<meta property=\"og:type\" content=\"article\" \/>\n<meta property=\"og:title\" content=\"Avtryck\" \/>\n<meta property=\"og:url\" content=\"https:\/\/www.lokbest-store.com\/sv\/avtryck\/\" \/>\n<meta property=\"og:site_name\" content=\"LOKBEST Store\" \/>\n<meta property=\"article:modified_time\" content=\"2025-05-08T09:17:52+00:00\" \/>\n<meta name=\"twitter:card\" content=\"summary_large_image\" \/>\n<meta name=\"twitter:label1\" content=\"Ber\u00e4knad l\u00e4stid\" \/>\n\t<meta name=\"twitter:data1\" content=\"1 minut\" \/>\n<script type=\"application\/ld+json\" class=\"yoast-schema-graph\">{\"@context\":\"https:\/\/schema.org\",\"@graph\":[{\"@type\":\"WebPage\",\"@id\":\"https:\/\/www.lokbest-store.com\/sv\/avtryck\/\",\"url\":\"https:\/\/www.lokbest-store.com\/sv\/avtryck\/\",\"name\":\"Avtryck - LOKBEST Store\",\"isPartOf\":{\"@id\":\"https:\/\/www.lokbest-store.com\/sv\/#website\"},\"datePublished\":\"2014-08-29T00:09:43+00:00\",\"dateModified\":\"2025-05-08T09:17:52+00:00\",\"breadcrumb\":{\"@id\":\"https:\/\/www.lokbest-store.com\/sv\/avtryck\/#breadcrumb\"},\"inLanguage\":\"sv-SE\",\"potentialAction\":[{\"@type\":\"ReadAction\",\"target\":[\"https:\/\/www.lokbest-store.com\/sv\/avtryck\/\"]}]},{\"@type\":\"BreadcrumbList\",\"@id\":\"https:\/\/www.lokbest-store.com\/sv\/avtryck\/#breadcrumb\",\"itemListElement\":[{\"@type\":\"ListItem\",\"position\":1,\"name\":\"Startseite\",\"item\":\"https:\/\/www.lokbest-store.com\/sv\/\"},{\"@type\":\"ListItem\",\"position\":2,\"name\":\"Avtryck\"}]},{\"@type\":\"WebSite\",\"@id\":\"https:\/\/www.lokbest-store.com\/sv\/#website\",\"url\":\"https:\/\/www.lokbest-store.com\/sv\/\",\"name\":\"LOKBEST Store\",\"description\":\"\",\"publisher\":{\"@id\":\"https:\/\/www.lokbest-store.com\/sv\/#organization\"},\"potentialAction\":[{\"@type\":\"SearchAction\",\"target\":{\"@type\":\"EntryPoint\",\"urlTemplate\":\"https:\/\/www.lokbest-store.com\/sv\/?s={search_term_string}\"},\"query-input\":{\"@type\":\"PropertyValueSpecification\",\"valueRequired\":true,\"valueName\":\"search_term_string\"}}],\"inLanguage\":\"sv-SE\"},{\"@type\":\"Organization\",\"@id\":\"https:\/\/www.lokbest-store.com\/sv\/#organization\",\"name\":\"LOKBEST Store\",\"url\":\"https:\/\/www.lokbest-store.com\/sv\/\",\"logo\":{\"@type\":\"ImageObject\",\"inLanguage\":\"sv-SE\",\"@id\":\"https:\/\/www.lokbest-store.com\/sv\/#\/schema\/logo\/image\/\",\"url\":\"https:\/\/www.lokbest-store.com\/wp-content\/uploads\/2022\/04\/lokbest-store-logo2.svg\",\"contentUrl\":\"https:\/\/www.lokbest-store.com\/wp-content\/uploads\/2022\/04\/lokbest-store-logo2.svg\",\"width\":\"1024\",\"height\":\"1024\",\"caption\":\"LOKBEST Store\"},\"image\":{\"@id\":\"https:\/\/www.lokbest-store.com\/sv\/#\/schema\/logo\/image\/\"}}]}<\/script>\n<!-- \/ Yoast SEO Premium plugin. -->","yoast_head_json":{"title":"Avtryck - LOKBEST Store","robots":{"index":"noindex","follow":"follow"},"og_locale":"sv_SE","og_type":"article","og_title":"Avtryck","og_url":"https:\/\/www.lokbest-store.com\/sv\/avtryck\/","og_site_name":"LOKBEST Store","article_modified_time":"2025-05-08T09:17:52+00:00","twitter_card":"summary_large_image","twitter_misc":{"Ber\u00e4knad l\u00e4stid":"1 minut"},"schema":{"@context":"https:\/\/schema.org","@graph":[{"@type":"WebPage","@id":"https:\/\/www.lokbest-store.com\/sv\/avtryck\/","url":"https:\/\/www.lokbest-store.com\/sv\/avtryck\/","name":"Avtryck - LOKBEST Store","isPartOf":{"@id":"https:\/\/www.lokbest-store.com\/sv\/#website"},"datePublished":"2014-08-29T00:09:43+00:00","dateModified":"2025-05-08T09:17:52+00:00","breadcrumb":{"@id":"https:\/\/www.lokbest-store.com\/sv\/avtryck\/#breadcrumb"},"inLanguage":"sv-SE","potentialAction":[{"@type":"ReadAction","target":["https:\/\/www.lokbest-store.com\/sv\/avtryck\/"]}]},{"@type":"BreadcrumbList","@id":"https:\/\/www.lokbest-store.com\/sv\/avtryck\/#breadcrumb","itemListElement":[{"@type":"ListItem","position":1,"name":"Startseite","item":"https:\/\/www.lokbest-store.com\/sv\/"},{"@type":"ListItem","position":2,"name":"Avtryck"}]},{"@type":"WebSite","@id":"https:\/\/www.lokbest-store.com\/sv\/#website","url":"https:\/\/www.lokbest-store.com\/sv\/","name":"LOKBEST Store","description":"","publisher":{"@id":"https:\/\/www.lokbest-store.com\/sv\/#organization"},"potentialAction":[{"@type":"SearchAction","target":{"@type":"EntryPoint","urlTemplate":"https:\/\/www.lokbest-store.com\/sv\/?s={search_term_string}"},"query-input":{"@type":"PropertyValueSpecification","valueRequired":true,"valueName":"search_term_string"}}],"inLanguage":"sv-SE"},{"@type":"Organization","@id":"https:\/\/www.lokbest-store.com\/sv\/#organization","name":"LOKBEST Store","url":"https:\/\/www.lokbest-store.com\/sv\/","logo":{"@type":"ImageObject","inLanguage":"sv-SE","@id":"https:\/\/www.lokbest-store.com\/sv\/#\/schema\/logo\/image\/","url":"https:\/\/www.lokbest-store.com\/wp-content\/uploads\/2022\/04\/lokbest-store-logo2.svg","contentUrl":"https:\/\/www.lokbest-store.com\/wp-content\/uploads\/2022\/04\/lokbest-store-logo2.svg","width":"1024","height":"1024","caption":"LOKBEST Store"},"image":{"@id":"https:\/\/www.lokbest-store.com\/sv\/#\/schema\/logo\/image\/"}}]}},"_links":{"self":[{"href":"https:\/\/www.lokbest-store.com\/sv\/wp-json\/wp\/v2\/pages\/14948","targetHints":{"allow":["GET"]}}],"collection":[{"href":"https:\/\/www.lokbest-store.com\/sv\/wp-json\/wp\/v2\/pages"}],"about":[{"href":"https:\/\/www.lokbest-store.com\/sv\/wp-json\/wp\/v2\/types\/page"}],"author":[{"embeddable":true,"href":"https:\/\/www.lokbest-store.com\/sv\/wp-json\/wp\/v2\/users\/3"}],"replies":[{"embeddable":true,"href":"https:\/\/www.lokbest-store.com\/sv\/wp-json\/wp\/v2\/comments?post=14948"}],"version-history":[{"count":3,"href":"https:\/\/www.lokbest-store.com\/sv\/wp-json\/wp\/v2\/pages\/14948\/revisions"}],"predecessor-version":[{"id":37751,"href":"https:\/\/www.lokbest-store.com\/sv\/wp-json\/wp\/v2\/pages\/14948\/revisions\/37751"}],"wp:attachment":[{"href":"https:\/\/www.lokbest-store.com\/sv\/wp-json\/wp\/v2\/media?parent=14948"}],"curies":[{"name":"wp","href":"https:\/\/api.w.org\/{rel}","templated":true}]}}