{"id":14992,"date":"2014-08-29T02:09:43","date_gmt":"2014-08-29T00:09:43","guid":{"rendered":"https:\/\/www.lokbest-store.com\/impressao\/"},"modified":"2025-05-08T11:15:12","modified_gmt":"2025-05-08T09:15:12","slug":"impressao","status":"publish","type":"page","link":"https:\/\/www.lokbest-store.com\/pt-pt\/impressao\/","title":{"rendered":"Impress\u00e3o"},"content":{"rendered":"\n<style type=\"text\/css\" data-created_by=\"avia_inline_auto\" id=\"style-css-av-2824iv-f4977828deed7b3c7b72fea1a367bc7f\">\n.avia-section.av-2824iv-f4977828deed7b3c7b72fea1a367bc7f{\nbackground-repeat:no-repeat;\nbackground-image:url(https:\/\/www.lokbest-store.com\/wp-content\/uploads\/2022\/09\/main_slider-corr-444.jpg);\nbackground-position:50% 50%;\nbackground-attachment:scroll;\n}\n.avia-section.av-2824iv-f4977828deed7b3c7b72fea1a367bc7f .av-section-color-overlay{\nopacity:0.5;\nbackground-color:#000000;\n}\n.avia-section.av-2824iv-f4977828deed7b3c7b72fea1a367bc7f .av-extra-border-element .av-extra-border-inner{\nbackground-color:#ffffff;\n}\n<\/style>\n<div id='av_section_1'  class='avia-section av-2824iv-f4977828deed7b3c7b72fea1a367bc7f main_color avia-section-default avia-no-border-styling  avia-builder-el-0  el_before_av_section  avia-builder-el-first  avia-full-stretch avia-bg-style-scroll av-section-color-overlay-active av-arrow-down-section container_wrap fullsize'  data-section-bg-repeat='stretch'><div class=\"av-section-color-overlay-wrap\"><div class=\"av-section-color-overlay\"><\/div><div class='container av-section-cont-open' ><main  role=\"main\" itemprop=\"mainContentOfPage\"  class='template-page content  av-content-full alpha units'><div class='post-entry post-entry-type-page post-entry-14992'><div class='entry-content-wrapper clearfix'>\n\n<style type=\"text\/css\" data-created_by=\"avia_inline_auto\" id=\"style-css-av-7eqz3-587e5c733071a4180e07117222a5bf7c\">\n#top .av-special-heading.av-7eqz3-587e5c733071a4180e07117222a5bf7c{\npadding-bottom:0;\ncolor:#ffffff;\nfont-size:65px;\n}\nbody .av-special-heading.av-7eqz3-587e5c733071a4180e07117222a5bf7c .av-special-heading-tag .heading-char{\nfont-size:25px;\n}\n#top #wrap_all .av-special-heading.av-7eqz3-587e5c733071a4180e07117222a5bf7c .av-special-heading-tag{\nfont-size:65px;\n}\n.av-special-heading.av-7eqz3-587e5c733071a4180e07117222a5bf7c .special-heading-inner-border{\nborder-color:#ffffff;\n}\n.av-special-heading.av-7eqz3-587e5c733071a4180e07117222a5bf7c .av-subheading{\nfont-size:20px;\n}\n\n@media only screen and (max-width: 479px){ \n#top #wrap_all .av-special-heading.av-7eqz3-587e5c733071a4180e07117222a5bf7c .av-special-heading-tag{\nfont-size:40px;\n}\n}\n\n@media only screen and (min-width: 480px) and (max-width: 767px){ \n#top #wrap_all .av-special-heading.av-7eqz3-587e5c733071a4180e07117222a5bf7c .av-special-heading-tag{\nfont-size:0.8em;\n}\n}\n<\/style>\n<div  class='av-special-heading av-7eqz3-587e5c733071a4180e07117222a5bf7c av-special-heading-h1 custom-color-heading blockquote modern-quote  avia-builder-el-1  avia-builder-el-no-sibling  av-inherit-size'><h1 class='av-special-heading-tag '  itemprop=\"headline\"  >Impress\u00e3o<\/h1><div class=\"special-heading-border\"><div class=\"special-heading-inner-border\"><\/div><\/div><\/div>\n\n<\/div><\/div><\/main><!-- close content main element --><\/div><div class='av-extra-border-element border-extra-arrow-down'><div class='av-extra-border-outer'><div class='av-extra-border-inner'><\/div><\/div><\/div><\/div><\/div><div id='av_section_2'  class='avia-section av-8c6of-28e31935af5964bb09cbcb26904b1583 main_color avia-section-default avia-no-border-styling  avia-builder-el-2  el_after_av_section  avia-builder-el-last  avia-bg-style-scroll container_wrap fullsize'  ><div class='container av-section-cont-open' ><div class='template-page content  av-content-full alpha units'><div class='post-entry post-entry-type-page post-entry-14992'><div class='entry-content-wrapper clearfix'>\n<section  class='av_textblock_section av-l1cdzx7h-e3b0eb4f5f9fe137c4d289354cae9b98 '   itemscope=\"itemscope\" itemtype=\"https:\/\/schema.org\/CreativeWork\" ><div class='avia_textblock'  itemprop=\"text\" ><p>LOKBEST GmbH<br \/>\nHettlinger Stra\u00dfe 9<br \/>\n86637 Wertingen<\/p>\n<p>Registo comercial: HRB 37354<br \/>\nTribunal de registo: Tribunal local de Augsburg<\/p>\n<p>Representados por:<strong><br \/>\n<\/strong>Erwin M\u00fcller<br \/>\nKallola Bal<br \/>\nMyriam Kim Haber<\/p>\n<h2>Contacta-nos<\/h2>\n<p>Telefone: +49 (0) 8272 807465<br \/>\nFax: +49 (0) 8272 807200<br \/>\nCorreio eletr\u00f3nico: <a href=\"javascript:secureDecryptAndNavigate('beJKlMYuFZWfEZGyuShbQINbCWII\/LW1Z848LoZNPRyIwfQ8zx6JzzZedETaYbvSAFf2zAmUDzms5XjJ6ZEaldQjTL8J3WRWrp1e+ZI=', '45822d822eb97d7e25edfd3307d5389ce813f5b0544df42098e1caaacc491d1a')\">in&#102;&#111;&#64;&#108;o&#107;&#98;&#101;st-st&#111;r&#101;&#46;co&#109;<\/a><\/p>\n<h2>ID do imposto sobre vendas<\/h2>\n<p>N\u00famero de identifica\u00e7\u00e3o do imposto sobre vendas de acordo com o \u00a7 27 a da lei do imposto sobre vendas:<br \/>\nDE352818022<\/p>\n<h2>Editorialmente respons\u00e1vel<\/h2>\n<p>Myriam Kim Haber<br \/>\nRua Hettlinger 9<br \/>\n86637 Wertingen<\/p>\n<h2>Resolu\u00e7\u00e3o de lit\u00edgios na UE<\/h2>\n<p>A Comiss\u00e3o Europeia disponibiliza uma plataforma para a resolu\u00e7\u00e3o de lit\u00edgios em linha (OS): <a href=\"https:\/\/ec.europa.eu\/consumers\/odr\/\" target=\"_blank\" rel=\"noopener noreferrer\">https:\/\/ec.europa.eu\/consumers\/odr\/.<\/a><br \/>\nPodes encontrar o nosso endere\u00e7o eletr\u00f3nico na nota legal acima.<\/p>\n<h2>Resolu\u00e7\u00e3o de lit\u00edgios de consumo\/centro de arbitragem universal<\/h2>\n<p>N\u00e3o estamos dispostos ou obrigados a participar em processos de resolu\u00e7\u00e3o de lit\u00edgios perante uma comiss\u00e3o de arbitragem de consumidores.<\/p>\n<\/div><\/section>\n\n","protected":false},"excerpt":{"rendered":"","protected":false},"author":3,"featured_media":0,"parent":0,"menu_order":0,"comment_status":"open","ping_status":"open","template":"","meta":{"_acf_changed":false,"inline_featured_image":false,"footnotes":""},"class_list":["post-14992","page","type-page","status-publish","hentry"],"acf":[],"yoast_head":"<!-- This site is optimized with the Yoast SEO Premium plugin v26.4 (Yoast SEO v27.0) - https:\/\/yoast.com\/product\/yoast-seo-premium-wordpress\/ -->\n<title>Impress\u00e3o - LOKBEST Store<\/title>\n<meta name=\"robots\" content=\"noindex, follow\" \/>\n<meta property=\"og:locale\" content=\"pt_PT\" \/>\n<meta property=\"og:type\" content=\"article\" \/>\n<meta property=\"og:title\" content=\"Impress\u00e3o\" \/>\n<meta property=\"og:url\" content=\"https:\/\/www.lokbest-store.com\/pt-pt\/impressao\/\" \/>\n<meta property=\"og:site_name\" content=\"LOKBEST Store\" \/>\n<meta property=\"article:modified_time\" content=\"2025-05-08T09:15:12+00:00\" \/>\n<meta name=\"twitter:card\" content=\"summary_large_image\" \/>\n<meta name=\"twitter:label1\" content=\"Tempo estimado de leitura\" \/>\n\t<meta name=\"twitter:data1\" content=\"1 minuto\" \/>\n<script type=\"application\/ld+json\" class=\"yoast-schema-graph\">{\"@context\":\"https:\/\/schema.org\",\"@graph\":[{\"@type\":\"WebPage\",\"@id\":\"https:\/\/www.lokbest-store.com\/pt-pt\/impressao\/\",\"url\":\"https:\/\/www.lokbest-store.com\/pt-pt\/impressao\/\",\"name\":\"Impress\u00e3o - LOKBEST Store\",\"isPartOf\":{\"@id\":\"https:\/\/www.lokbest-store.com\/pt-pt\/#website\"},\"datePublished\":\"2014-08-29T00:09:43+00:00\",\"dateModified\":\"2025-05-08T09:15:12+00:00\",\"breadcrumb\":{\"@id\":\"https:\/\/www.lokbest-store.com\/pt-pt\/impressao\/#breadcrumb\"},\"inLanguage\":\"pt-PT\",\"potentialAction\":[{\"@type\":\"ReadAction\",\"target\":[\"https:\/\/www.lokbest-store.com\/pt-pt\/impressao\/\"]}]},{\"@type\":\"BreadcrumbList\",\"@id\":\"https:\/\/www.lokbest-store.com\/pt-pt\/impressao\/#breadcrumb\",\"itemListElement\":[{\"@type\":\"ListItem\",\"position\":1,\"name\":\"Startseite\",\"item\":\"https:\/\/www.lokbest-store.com\/pt-pt\/\"},{\"@type\":\"ListItem\",\"position\":2,\"name\":\"Impress\u00e3o\"}]},{\"@type\":\"WebSite\",\"@id\":\"https:\/\/www.lokbest-store.com\/pt-pt\/#website\",\"url\":\"https:\/\/www.lokbest-store.com\/pt-pt\/\",\"name\":\"LOKBEST Store\",\"description\":\"\",\"publisher\":{\"@id\":\"https:\/\/www.lokbest-store.com\/pt-pt\/#organization\"},\"potentialAction\":[{\"@type\":\"SearchAction\",\"target\":{\"@type\":\"EntryPoint\",\"urlTemplate\":\"https:\/\/www.lokbest-store.com\/pt-pt\/?s={search_term_string}\"},\"query-input\":{\"@type\":\"PropertyValueSpecification\",\"valueRequired\":true,\"valueName\":\"search_term_string\"}}],\"inLanguage\":\"pt-PT\"},{\"@type\":\"Organization\",\"@id\":\"https:\/\/www.lokbest-store.com\/pt-pt\/#organization\",\"name\":\"LOKBEST Store\",\"url\":\"https:\/\/www.lokbest-store.com\/pt-pt\/\",\"logo\":{\"@type\":\"ImageObject\",\"inLanguage\":\"pt-PT\",\"@id\":\"https:\/\/www.lokbest-store.com\/pt-pt\/#\/schema\/logo\/image\/\",\"url\":\"https:\/\/www.lokbest-store.com\/wp-content\/uploads\/2022\/04\/lokbest-store-logo2.svg\",\"contentUrl\":\"https:\/\/www.lokbest-store.com\/wp-content\/uploads\/2022\/04\/lokbest-store-logo2.svg\",\"width\":\"1024\",\"height\":\"1024\",\"caption\":\"LOKBEST Store\"},\"image\":{\"@id\":\"https:\/\/www.lokbest-store.com\/pt-pt\/#\/schema\/logo\/image\/\"}}]}<\/script>\n<!-- \/ Yoast SEO Premium plugin. -->","yoast_head_json":{"title":"Impress\u00e3o - LOKBEST Store","robots":{"index":"noindex","follow":"follow"},"og_locale":"pt_PT","og_type":"article","og_title":"Impress\u00e3o","og_url":"https:\/\/www.lokbest-store.com\/pt-pt\/impressao\/","og_site_name":"LOKBEST Store","article_modified_time":"2025-05-08T09:15:12+00:00","twitter_card":"summary_large_image","twitter_misc":{"Tempo estimado de leitura":"1 minuto"},"schema":{"@context":"https:\/\/schema.org","@graph":[{"@type":"WebPage","@id":"https:\/\/www.lokbest-store.com\/pt-pt\/impressao\/","url":"https:\/\/www.lokbest-store.com\/pt-pt\/impressao\/","name":"Impress\u00e3o - LOKBEST Store","isPartOf":{"@id":"https:\/\/www.lokbest-store.com\/pt-pt\/#website"},"datePublished":"2014-08-29T00:09:43+00:00","dateModified":"2025-05-08T09:15:12+00:00","breadcrumb":{"@id":"https:\/\/www.lokbest-store.com\/pt-pt\/impressao\/#breadcrumb"},"inLanguage":"pt-PT","potentialAction":[{"@type":"ReadAction","target":["https:\/\/www.lokbest-store.com\/pt-pt\/impressao\/"]}]},{"@type":"BreadcrumbList","@id":"https:\/\/www.lokbest-store.com\/pt-pt\/impressao\/#breadcrumb","itemListElement":[{"@type":"ListItem","position":1,"name":"Startseite","item":"https:\/\/www.lokbest-store.com\/pt-pt\/"},{"@type":"ListItem","position":2,"name":"Impress\u00e3o"}]},{"@type":"WebSite","@id":"https:\/\/www.lokbest-store.com\/pt-pt\/#website","url":"https:\/\/www.lokbest-store.com\/pt-pt\/","name":"LOKBEST Store","description":"","publisher":{"@id":"https:\/\/www.lokbest-store.com\/pt-pt\/#organization"},"potentialAction":[{"@type":"SearchAction","target":{"@type":"EntryPoint","urlTemplate":"https:\/\/www.lokbest-store.com\/pt-pt\/?s={search_term_string}"},"query-input":{"@type":"PropertyValueSpecification","valueRequired":true,"valueName":"search_term_string"}}],"inLanguage":"pt-PT"},{"@type":"Organization","@id":"https:\/\/www.lokbest-store.com\/pt-pt\/#organization","name":"LOKBEST Store","url":"https:\/\/www.lokbest-store.com\/pt-pt\/","logo":{"@type":"ImageObject","inLanguage":"pt-PT","@id":"https:\/\/www.lokbest-store.com\/pt-pt\/#\/schema\/logo\/image\/","url":"https:\/\/www.lokbest-store.com\/wp-content\/uploads\/2022\/04\/lokbest-store-logo2.svg","contentUrl":"https:\/\/www.lokbest-store.com\/wp-content\/uploads\/2022\/04\/lokbest-store-logo2.svg","width":"1024","height":"1024","caption":"LOKBEST Store"},"image":{"@id":"https:\/\/www.lokbest-store.com\/pt-pt\/#\/schema\/logo\/image\/"}}]}},"_links":{"self":[{"href":"https:\/\/www.lokbest-store.com\/pt-pt\/wp-json\/wp\/v2\/pages\/14992","targetHints":{"allow":["GET"]}}],"collection":[{"href":"https:\/\/www.lokbest-store.com\/pt-pt\/wp-json\/wp\/v2\/pages"}],"about":[{"href":"https:\/\/www.lokbest-store.com\/pt-pt\/wp-json\/wp\/v2\/types\/page"}],"author":[{"embeddable":true,"href":"https:\/\/www.lokbest-store.com\/pt-pt\/wp-json\/wp\/v2\/users\/3"}],"replies":[{"embeddable":true,"href":"https:\/\/www.lokbest-store.com\/pt-pt\/wp-json\/wp\/v2\/comments?post=14992"}],"version-history":[{"count":3,"href":"https:\/\/www.lokbest-store.com\/pt-pt\/wp-json\/wp\/v2\/pages\/14992\/revisions"}],"predecessor-version":[{"id":37748,"href":"https:\/\/www.lokbest-store.com\/pt-pt\/wp-json\/wp\/v2\/pages\/14992\/revisions\/37748"}],"wp:attachment":[{"href":"https:\/\/www.lokbest-store.com\/pt-pt\/wp-json\/wp\/v2\/media?parent=14992"}],"curies":[{"name":"wp","href":"https:\/\/api.w.org\/{rel}","templated":true}]}}