{"id":14926,"date":"2014-08-29T02:09:43","date_gmt":"2014-08-29T00:09:43","guid":{"rendered":"https:\/\/www.lokbest-store.com\/otisak\/"},"modified":"2025-02-14T21:21:53","modified_gmt":"2025-02-14T20:21:53","slug":"otisak","status":"publish","type":"page","link":"https:\/\/www.lokbest-store.com\/hr\/otisak\/","title":{"rendered":"otisak"},"content":{"rendered":"\n<style type=\"text\/css\" data-created_by=\"avia_inline_auto\" id=\"style-css-av-2824iv-f4977828deed7b3c7b72fea1a367bc7f\">\n.avia-section.av-2824iv-f4977828deed7b3c7b72fea1a367bc7f{\nbackground-repeat:no-repeat;\nbackground-image:url(https:\/\/www.lokbest-store.com\/wp-content\/uploads\/2022\/09\/main_slider-corr-444.jpg);\nbackground-position:50% 50%;\nbackground-attachment:scroll;\n}\n.avia-section.av-2824iv-f4977828deed7b3c7b72fea1a367bc7f .av-section-color-overlay{\nopacity:0.5;\nbackground-color:#000000;\n}\n.avia-section.av-2824iv-f4977828deed7b3c7b72fea1a367bc7f .av-extra-border-element .av-extra-border-inner{\nbackground-color:#ffffff;\n}\n<\/style>\n<div id='av_section_1'  class='avia-section av-2824iv-f4977828deed7b3c7b72fea1a367bc7f main_color avia-section-default avia-no-border-styling  avia-builder-el-0  el_before_av_section  avia-builder-el-first  avia-full-stretch avia-bg-style-scroll av-section-color-overlay-active av-arrow-down-section container_wrap fullsize'  data-section-bg-repeat='stretch'><div class=\"av-section-color-overlay-wrap\"><div class=\"av-section-color-overlay\"><\/div><div class='container av-section-cont-open' ><main  role=\"main\" itemprop=\"mainContentOfPage\"  class='template-page content  av-content-full alpha units'><div class='post-entry post-entry-type-page post-entry-14926'><div class='entry-content-wrapper clearfix'>\n\n<style type=\"text\/css\" data-created_by=\"avia_inline_auto\" id=\"style-css-av-7eqz3-3a810cc3a80c3a37eef13344e5fa7bb2\">\n#top .av-special-heading.av-7eqz3-3a810cc3a80c3a37eef13344e5fa7bb2{\npadding-bottom:0;\ncolor:#ffffff;\nfont-size:65px;\n}\nbody .av-special-heading.av-7eqz3-3a810cc3a80c3a37eef13344e5fa7bb2 .av-special-heading-tag .heading-char{\nfont-size:25px;\n}\n#top #wrap_all .av-special-heading.av-7eqz3-3a810cc3a80c3a37eef13344e5fa7bb2 .av-special-heading-tag{\nfont-size:65px;\n}\n.av-special-heading.av-7eqz3-3a810cc3a80c3a37eef13344e5fa7bb2 .special-heading-inner-border{\nborder-color:#ffffff;\n}\n.av-special-heading.av-7eqz3-3a810cc3a80c3a37eef13344e5fa7bb2 .av-subheading{\nfont-size:20px;\n}\n\n@media only screen and (max-width: 479px){ \n#top #wrap_all .av-special-heading.av-7eqz3-3a810cc3a80c3a37eef13344e5fa7bb2 .av-special-heading-tag{\nfont-size:40px;\n}\n}\n\n@media only screen and (min-width: 480px) and (max-width: 767px){ \n#top #wrap_all .av-special-heading.av-7eqz3-3a810cc3a80c3a37eef13344e5fa7bb2 .av-special-heading-tag{\nfont-size:0.8em;\n}\n}\n<\/style>\n<div  class='av-special-heading av-7eqz3-3a810cc3a80c3a37eef13344e5fa7bb2 av-special-heading-h1 custom-color-heading blockquote modern-quote  avia-builder-el-1  avia-builder-el-no-sibling  av-inherit-size'><h1 class='av-special-heading-tag '  itemprop=\"headline\"  >otisak<\/h1><div class=\"special-heading-border\"><div class=\"special-heading-inner-border\"><\/div><\/div><\/div>\n\n<\/div><\/div><\/main><!-- close content main element --><\/div><div class='av-extra-border-element border-extra-arrow-down'><div class='av-extra-border-outer'><div class='av-extra-border-inner'><\/div><\/div><\/div><\/div><\/div><div id='av_section_2'  class='avia-section av-8c6of-28e31935af5964bb09cbcb26904b1583 main_color avia-section-default avia-no-border-styling  avia-builder-el-2  el_after_av_section  avia-builder-el-last  avia-bg-style-scroll container_wrap fullsize'  ><div class='container av-section-cont-open' ><div class='template-page content  av-content-full alpha units'><div class='post-entry post-entry-type-page post-entry-14926'><div class='entry-content-wrapper clearfix'>\n<section  class='av_textblock_section av-l1cdzx7h-e3b0eb4f5f9fe137c4d289354cae9b98 '   itemscope=\"itemscope\" itemtype=\"https:\/\/schema.org\/CreativeWork\" ><div class='avia_textblock'  itemprop=\"text\" ><p>LOKBEST GmbH<br \/>\n Hettlinger Stra\u00dfe 9<br \/>\n 86637 Wertingen<\/p>\n<p>Trgova\u010dki registar: HRB 37354<br \/>\n Registarski sud: Okru\u017eni sud u Augsburgu<\/p>\n<p><strong>Zastupa:<\/strong><br \/>\n Erwin M\u00fcller<br \/>\n Kallola Bal<br \/>\n Myriam Kim Haber<\/p>\n<h2>kontakt<\/h2>\n<p>Telefon: +49 (0) 8272 807465<br \/>\nFaks: +49 (0) 8272 807200<br \/>\nE-mail: <a href=\"javascript:secureDecryptAndNavigate('sUCHPHKuZoDAFTK6ILOZsR3EjKhUmJz1nwmIEoqA0ZH7KbLUF9m5vzEJho8aLr7ZTuvE0cqQssNZrJU1efJ8jIh5OBrwhFnWw6iGg20=', '45822d822eb97d7e25edfd3307d5389ce813f5b0544df42098e1caaacc491d1a')\">in&#102;o&#64;lo&#107;&#98;&#101;s&#116;&#45;&#115;&#116;&#111;r&#101;.&#99;o&#109;<\/a><\/p>\n<h2>PDV ID<\/h2>\n<p>PDV identifikacijski broj prema odjeljku 27a Zakona o porezu na promet:<br \/>\nDE352818022<\/p>\n<h2>Odgovorno uredni\u0161tvo<\/h2>\n<p>Myriam Kim Haber<br \/>\nHettlinger Stra\u00dfe 9<br \/>\n86637 Wertingen<\/p>\n<h2>EU rje\u0161avanje sporova<\/h2>\n<p>Europska komisija pru\u017ea platformu za online rje\u0161avanje sporova (ODR): <a href=\"https:\/\/ec.europa.eu\/consumers\/odr\/\" target=\"_blank\" rel=\"noopener noreferrer\">https:\/\/ec.europa.eu\/consumers\/odr\/<\/a> .<br \/>\nNa\u0161u e-mail adresu mo\u017eete prona\u0107i gore u impresumu.<\/p>\n<h2>rje\u0161avanje potro\u0161a\u010dkih sporova\/univerzalni arbitra\u017eni odbor<\/h2>\n<p>Nismo voljni niti smo obvezni sudjelovati u postupcima rje\u0161avanja sporova pred arbitra\u017eom potro\u0161a\u010da.<\/p>\n<\/div><\/section>\n\n","protected":false},"excerpt":{"rendered":"","protected":false},"author":3,"featured_media":0,"parent":0,"menu_order":0,"comment_status":"open","ping_status":"open","template":"","meta":{"_acf_changed":false,"inline_featured_image":false,"footnotes":""},"class_list":["post-14926","page","type-page","status-publish","hentry"],"acf":[],"yoast_head":"<!-- This site is optimized with the Yoast SEO Premium plugin v26.4 (Yoast SEO v27.0) - https:\/\/yoast.com\/product\/yoast-seo-premium-wordpress\/ -->\n<title>otisak - LOKBEST Store<\/title>\n<meta name=\"robots\" content=\"noindex, follow\" \/>\n<meta property=\"og:locale\" content=\"hr_HR\" \/>\n<meta property=\"og:type\" content=\"article\" \/>\n<meta property=\"og:title\" content=\"otisak\" \/>\n<meta property=\"og:url\" content=\"https:\/\/www.lokbest-store.com\/hr\/otisak\/\" \/>\n<meta property=\"og:site_name\" content=\"LOKBEST Store\" \/>\n<meta property=\"article:modified_time\" content=\"2025-02-14T20:21:53+00:00\" \/>\n<meta name=\"twitter:card\" content=\"summary_large_image\" \/>\n<meta name=\"twitter:label1\" content=\"Procijenjeno vrijeme \u010ditanja\" \/>\n\t<meta name=\"twitter:data1\" content=\"5 minuta\" \/>\n<script type=\"application\/ld+json\" class=\"yoast-schema-graph\">{\"@context\":\"https:\/\/schema.org\",\"@graph\":[{\"@type\":\"WebPage\",\"@id\":\"https:\/\/www.lokbest-store.com\/hr\/otisak\/\",\"url\":\"https:\/\/www.lokbest-store.com\/hr\/otisak\/\",\"name\":\"otisak - LOKBEST Store\",\"isPartOf\":{\"@id\":\"https:\/\/www.lokbest-store.com\/hr\/#website\"},\"datePublished\":\"2014-08-29T00:09:43+00:00\",\"dateModified\":\"2025-02-14T20:21:53+00:00\",\"breadcrumb\":{\"@id\":\"https:\/\/www.lokbest-store.com\/hr\/otisak\/#breadcrumb\"},\"inLanguage\":\"hr\",\"potentialAction\":[{\"@type\":\"ReadAction\",\"target\":[\"https:\/\/www.lokbest-store.com\/hr\/otisak\/\"]}]},{\"@type\":\"BreadcrumbList\",\"@id\":\"https:\/\/www.lokbest-store.com\/hr\/otisak\/#breadcrumb\",\"itemListElement\":[{\"@type\":\"ListItem\",\"position\":1,\"name\":\"Startseite\",\"item\":\"https:\/\/www.lokbest-store.com\/hr\/\"},{\"@type\":\"ListItem\",\"position\":2,\"name\":\"otisak\"}]},{\"@type\":\"WebSite\",\"@id\":\"https:\/\/www.lokbest-store.com\/hr\/#website\",\"url\":\"https:\/\/www.lokbest-store.com\/hr\/\",\"name\":\"LOKBEST Store\",\"description\":\"\",\"publisher\":{\"@id\":\"https:\/\/www.lokbest-store.com\/hr\/#organization\"},\"potentialAction\":[{\"@type\":\"SearchAction\",\"target\":{\"@type\":\"EntryPoint\",\"urlTemplate\":\"https:\/\/www.lokbest-store.com\/hr\/?s={search_term_string}\"},\"query-input\":{\"@type\":\"PropertyValueSpecification\",\"valueRequired\":true,\"valueName\":\"search_term_string\"}}],\"inLanguage\":\"hr\"},{\"@type\":\"Organization\",\"@id\":\"https:\/\/www.lokbest-store.com\/hr\/#organization\",\"name\":\"LOKBEST Store\",\"url\":\"https:\/\/www.lokbest-store.com\/hr\/\",\"logo\":{\"@type\":\"ImageObject\",\"inLanguage\":\"hr\",\"@id\":\"https:\/\/www.lokbest-store.com\/hr\/#\/schema\/logo\/image\/\",\"url\":\"https:\/\/www.lokbest-store.com\/wp-content\/uploads\/2022\/04\/lokbest-store-logo2.svg\",\"contentUrl\":\"https:\/\/www.lokbest-store.com\/wp-content\/uploads\/2022\/04\/lokbest-store-logo2.svg\",\"width\":\"1024\",\"height\":\"1024\",\"caption\":\"LOKBEST Store\"},\"image\":{\"@id\":\"https:\/\/www.lokbest-store.com\/hr\/#\/schema\/logo\/image\/\"}}]}<\/script>\n<!-- \/ Yoast SEO Premium plugin. -->","yoast_head_json":{"title":"otisak - LOKBEST Store","robots":{"index":"noindex","follow":"follow"},"og_locale":"hr_HR","og_type":"article","og_title":"otisak","og_url":"https:\/\/www.lokbest-store.com\/hr\/otisak\/","og_site_name":"LOKBEST Store","article_modified_time":"2025-02-14T20:21:53+00:00","twitter_card":"summary_large_image","twitter_misc":{"Procijenjeno vrijeme \u010ditanja":"5 minuta"},"schema":{"@context":"https:\/\/schema.org","@graph":[{"@type":"WebPage","@id":"https:\/\/www.lokbest-store.com\/hr\/otisak\/","url":"https:\/\/www.lokbest-store.com\/hr\/otisak\/","name":"otisak - LOKBEST Store","isPartOf":{"@id":"https:\/\/www.lokbest-store.com\/hr\/#website"},"datePublished":"2014-08-29T00:09:43+00:00","dateModified":"2025-02-14T20:21:53+00:00","breadcrumb":{"@id":"https:\/\/www.lokbest-store.com\/hr\/otisak\/#breadcrumb"},"inLanguage":"hr","potentialAction":[{"@type":"ReadAction","target":["https:\/\/www.lokbest-store.com\/hr\/otisak\/"]}]},{"@type":"BreadcrumbList","@id":"https:\/\/www.lokbest-store.com\/hr\/otisak\/#breadcrumb","itemListElement":[{"@type":"ListItem","position":1,"name":"Startseite","item":"https:\/\/www.lokbest-store.com\/hr\/"},{"@type":"ListItem","position":2,"name":"otisak"}]},{"@type":"WebSite","@id":"https:\/\/www.lokbest-store.com\/hr\/#website","url":"https:\/\/www.lokbest-store.com\/hr\/","name":"LOKBEST Store","description":"","publisher":{"@id":"https:\/\/www.lokbest-store.com\/hr\/#organization"},"potentialAction":[{"@type":"SearchAction","target":{"@type":"EntryPoint","urlTemplate":"https:\/\/www.lokbest-store.com\/hr\/?s={search_term_string}"},"query-input":{"@type":"PropertyValueSpecification","valueRequired":true,"valueName":"search_term_string"}}],"inLanguage":"hr"},{"@type":"Organization","@id":"https:\/\/www.lokbest-store.com\/hr\/#organization","name":"LOKBEST Store","url":"https:\/\/www.lokbest-store.com\/hr\/","logo":{"@type":"ImageObject","inLanguage":"hr","@id":"https:\/\/www.lokbest-store.com\/hr\/#\/schema\/logo\/image\/","url":"https:\/\/www.lokbest-store.com\/wp-content\/uploads\/2022\/04\/lokbest-store-logo2.svg","contentUrl":"https:\/\/www.lokbest-store.com\/wp-content\/uploads\/2022\/04\/lokbest-store-logo2.svg","width":"1024","height":"1024","caption":"LOKBEST Store"},"image":{"@id":"https:\/\/www.lokbest-store.com\/hr\/#\/schema\/logo\/image\/"}}]}},"_links":{"self":[{"href":"https:\/\/www.lokbest-store.com\/hr\/wp-json\/wp\/v2\/pages\/14926","targetHints":{"allow":["GET"]}}],"collection":[{"href":"https:\/\/www.lokbest-store.com\/hr\/wp-json\/wp\/v2\/pages"}],"about":[{"href":"https:\/\/www.lokbest-store.com\/hr\/wp-json\/wp\/v2\/types\/page"}],"author":[{"embeddable":true,"href":"https:\/\/www.lokbest-store.com\/hr\/wp-json\/wp\/v2\/users\/3"}],"replies":[{"embeddable":true,"href":"https:\/\/www.lokbest-store.com\/hr\/wp-json\/wp\/v2\/comments?post=14926"}],"version-history":[{"count":2,"href":"https:\/\/www.lokbest-store.com\/hr\/wp-json\/wp\/v2\/pages\/14926\/revisions"}],"predecessor-version":[{"id":14928,"href":"https:\/\/www.lokbest-store.com\/hr\/wp-json\/wp\/v2\/pages\/14926\/revisions\/14928"}],"wp:attachment":[{"href":"https:\/\/www.lokbest-store.com\/hr\/wp-json\/wp\/v2\/media?parent=14926"}],"curies":[{"name":"wp","href":"https:\/\/api.w.org\/{rel}","templated":true}]}}