{"id":14882,"date":"2014-08-29T02:09:43","date_gmt":"2014-08-29T00:09:43","guid":{"rendered":"https:\/\/www.lokbest-store.com\/mentions-legales\/"},"modified":"2025-07-03T13:14:39","modified_gmt":"2025-07-03T11:14:39","slug":"mentions-legales","status":"publish","type":"page","link":"https:\/\/www.lokbest-store.com\/fr\/mentions-legales\/","title":{"rendered":"Mentions l\u00e9gales"},"content":{"rendered":"\n<style type=\"text\/css\" data-created_by=\"avia_inline_auto\" id=\"style-css-av-2824iv-f4977828deed7b3c7b72fea1a367bc7f\">\n.avia-section.av-2824iv-f4977828deed7b3c7b72fea1a367bc7f{\nbackground-repeat:no-repeat;\nbackground-image:url(https:\/\/www.lokbest-store.com\/wp-content\/uploads\/2022\/09\/main_slider-corr-444.jpg);\nbackground-position:50% 50%;\nbackground-attachment:scroll;\n}\n.avia-section.av-2824iv-f4977828deed7b3c7b72fea1a367bc7f .av-section-color-overlay{\nopacity:0.5;\nbackground-color:#000000;\n}\n.avia-section.av-2824iv-f4977828deed7b3c7b72fea1a367bc7f .av-extra-border-element .av-extra-border-inner{\nbackground-color:#ffffff;\n}\n<\/style>\n<div id='av_section_1'  class='avia-section av-2824iv-f4977828deed7b3c7b72fea1a367bc7f main_color avia-section-default avia-no-border-styling  avia-builder-el-0  el_before_av_section  avia-builder-el-first  avia-full-stretch avia-bg-style-scroll av-section-color-overlay-active av-arrow-down-section container_wrap fullsize'  data-section-bg-repeat='stretch'><div class=\"av-section-color-overlay-wrap\"><div class=\"av-section-color-overlay\"><\/div><div class='container av-section-cont-open' ><main  role=\"main\" itemprop=\"mainContentOfPage\"  class='template-page content  av-content-full alpha units'><div class='post-entry post-entry-type-page post-entry-14882'><div class='entry-content-wrapper clearfix'>\n\n<style type=\"text\/css\" data-created_by=\"avia_inline_auto\" id=\"style-css-av-7eqz3-c1167fb83a735225e6915b1f6e04c7ed\">\n#top .av-special-heading.av-7eqz3-c1167fb83a735225e6915b1f6e04c7ed{\npadding-bottom:0;\ncolor:#ffffff;\nfont-size:65px;\n}\nbody .av-special-heading.av-7eqz3-c1167fb83a735225e6915b1f6e04c7ed .av-special-heading-tag .heading-char{\nfont-size:25px;\n}\n#top #wrap_all .av-special-heading.av-7eqz3-c1167fb83a735225e6915b1f6e04c7ed .av-special-heading-tag{\nfont-size:65px;\n}\n.av-special-heading.av-7eqz3-c1167fb83a735225e6915b1f6e04c7ed .special-heading-inner-border{\nborder-color:#ffffff;\n}\n.av-special-heading.av-7eqz3-c1167fb83a735225e6915b1f6e04c7ed .av-subheading{\nfont-size:20px;\n}\n\n@media only screen and (max-width: 479px){ \n#top #wrap_all .av-special-heading.av-7eqz3-c1167fb83a735225e6915b1f6e04c7ed .av-special-heading-tag{\nfont-size:40px;\n}\n}\n\n@media only screen and (min-width: 480px) and (max-width: 767px){ \n#top #wrap_all .av-special-heading.av-7eqz3-c1167fb83a735225e6915b1f6e04c7ed .av-special-heading-tag{\nfont-size:0.8em;\n}\n}\n<\/style>\n<div  class='av-special-heading av-7eqz3-c1167fb83a735225e6915b1f6e04c7ed av-special-heading-h1 custom-color-heading blockquote modern-quote  avia-builder-el-1  avia-builder-el-no-sibling  av-inherit-size'><h1 class='av-special-heading-tag '  itemprop=\"headline\"  >Mentions l\u00e9gales<\/h1><div class=\"special-heading-border\"><div class=\"special-heading-inner-border\"><\/div><\/div><\/div>\n\n<\/div><\/div><\/main><!-- close content main element --><\/div><div class='av-extra-border-element border-extra-arrow-down'><div class='av-extra-border-outer'><div class='av-extra-border-inner'><\/div><\/div><\/div><\/div><\/div><div id='av_section_2'  class='avia-section av-8c6of-28e31935af5964bb09cbcb26904b1583 main_color avia-section-default avia-no-border-styling  avia-builder-el-2  el_after_av_section  avia-builder-el-last  avia-bg-style-scroll container_wrap fullsize'  ><div class='container av-section-cont-open' ><div class='template-page content  av-content-full alpha units'><div class='post-entry post-entry-type-page post-entry-14882'><div class='entry-content-wrapper clearfix'>\n<section  class='av_textblock_section av-l1cdzx7h-e3b0eb4f5f9fe137c4d289354cae9b98 '   itemscope=\"itemscope\" itemtype=\"https:\/\/schema.org\/CreativeWork\" ><div class='avia_textblock'  itemprop=\"text\" ><p>LOKBEST GmbH<br \/>\nHettlinger Stra\u00dfe 9<br \/>\n86637 Wertingen<\/p>\n<p>Registre du commerce : HRB 37354<br \/>\nTribunal d&rsquo;enregistrement : Tribunal d&rsquo;instance d&rsquo;Augsbourg<\/p>\n<p><strong>Repr\u00e9sent\u00e9 par :<\/strong><br \/>\nErwin M\u00fcller<br \/>\nKallola Bal<br \/>\nMyriam Kim Haber<\/p>\n<h2>Contact<\/h2>\n<p>T\u00e9l\u00e9phone : +49 (0) 8272 807465<br \/>\nT\u00e9l\u00e9copieur : +49 (0) 8272 807200<br \/>\nCourrier \u00e9lectronique : <a href=\"javascript:secureDecryptAndNavigate('nd3qse42\/b5C\/44zB4+DUjSOrOt4wz5rz8llJYT7srAJlCBTrWNHOH+DU3uo83tUo2EMUUzPkwgzNMVI6VY61VGQXqlB7y7xCPortKs=', '45822d822eb97d7e25edfd3307d5389ce813f5b0544df42098e1caaacc491d1a')\">i&#110;&#102;o&#64;l&#111;k&#98;&#101;&#115;t&#45;stor&#101;.&#99;&#111;m<\/a><\/p>\n<h2>Num\u00e9ro d&rsquo;identification de la taxe sur le chiffre d&rsquo;affaires<\/h2>\n<p>Num\u00e9ro d&rsquo;identification de la taxe sur le chiffre d&rsquo;affaires conform\u00e9ment au \u00a7 27 a de la loi sur la taxe sur le chiffre d&rsquo;affaires :<br \/>\nFR352818022<\/p>\n<h2>Responsable de la r\u00e9daction<\/h2>\n<p>Myriam Kim Haber<br \/>\n9, rue Hettling<br \/>\n86637 Wertingen<\/p>\n<h2>R\u00e8glement des litiges de l&rsquo;UE<\/h2>\n<p>La Commission europ\u00e9enne met \u00e0 disposition une plateforme de r\u00e8glement en ligne des litiges (RLL) <a href=\"https:\/\/ec.europa.eu\/consumers\/odr\/\" target=\"_blank\" rel=\"noopener noreferrer\">: https:\/\/ec.europa.eu\/consumers\/odr\/.<\/a><br \/>\nVous trouverez notre adresse e-mail en haut de la page des mentions l\u00e9gales.<\/p>\n<h2>R\u00e8glement des litiges de consommation\/organe universel de conciliation<\/h2>\n<p>Nous ne sommes pas pr\u00eats ou oblig\u00e9s de participer \u00e0 des proc\u00e9dures de r\u00e8glement des litiges devant un organisme de conciliation des consommateurs.<\/p>\n<\/div><\/section>\n\n","protected":false},"excerpt":{"rendered":"","protected":false},"author":3,"featured_media":0,"parent":0,"menu_order":0,"comment_status":"open","ping_status":"open","template":"","meta":{"_acf_changed":false,"inline_featured_image":false,"footnotes":""},"class_list":["post-14882","page","type-page","status-publish","hentry"],"acf":[],"yoast_head":"<!-- This site is optimized with the Yoast SEO Premium plugin v26.4 (Yoast SEO v27.0) - https:\/\/yoast.com\/product\/yoast-seo-premium-wordpress\/ -->\n<title>Mentions l\u00e9gales - LOKBEST Store<\/title>\n<meta name=\"robots\" content=\"noindex, follow\" \/>\n<meta property=\"og:locale\" content=\"fr_FR\" \/>\n<meta property=\"og:type\" content=\"article\" \/>\n<meta property=\"og:title\" content=\"Mentions l\u00e9gales\" \/>\n<meta property=\"og:url\" content=\"https:\/\/www.lokbest-store.com\/fr\/mentions-legales\/\" \/>\n<meta property=\"og:site_name\" content=\"LOKBEST Store\" \/>\n<meta property=\"article:modified_time\" content=\"2025-07-03T11:14:39+00:00\" \/>\n<meta name=\"twitter:card\" content=\"summary_large_image\" \/>\n<meta name=\"twitter:label1\" content=\"Dur\u00e9e de lecture estim\u00e9e\" \/>\n\t<meta name=\"twitter:data1\" content=\"5 minutes\" \/>\n<script type=\"application\/ld+json\" class=\"yoast-schema-graph\">{\"@context\":\"https:\/\/schema.org\",\"@graph\":[{\"@type\":\"WebPage\",\"@id\":\"https:\/\/www.lokbest-store.com\/fr\/mentions-legales\/\",\"url\":\"https:\/\/www.lokbest-store.com\/fr\/mentions-legales\/\",\"name\":\"Mentions l\u00e9gales - LOKBEST Store\",\"isPartOf\":{\"@id\":\"https:\/\/www.lokbest-store.com\/fr\/#website\"},\"datePublished\":\"2014-08-29T00:09:43+00:00\",\"dateModified\":\"2025-07-03T11:14:39+00:00\",\"breadcrumb\":{\"@id\":\"https:\/\/www.lokbest-store.com\/fr\/mentions-legales\/#breadcrumb\"},\"inLanguage\":\"fr-FR\",\"potentialAction\":[{\"@type\":\"ReadAction\",\"target\":[\"https:\/\/www.lokbest-store.com\/fr\/mentions-legales\/\"]}]},{\"@type\":\"BreadcrumbList\",\"@id\":\"https:\/\/www.lokbest-store.com\/fr\/mentions-legales\/#breadcrumb\",\"itemListElement\":[{\"@type\":\"ListItem\",\"position\":1,\"name\":\"Startseite\",\"item\":\"https:\/\/www.lokbest-store.com\/fr\/\"},{\"@type\":\"ListItem\",\"position\":2,\"name\":\"Mentions l\u00e9gales\"}]},{\"@type\":\"WebSite\",\"@id\":\"https:\/\/www.lokbest-store.com\/fr\/#website\",\"url\":\"https:\/\/www.lokbest-store.com\/fr\/\",\"name\":\"LOKBEST Store\",\"description\":\"\",\"publisher\":{\"@id\":\"https:\/\/www.lokbest-store.com\/fr\/#organization\"},\"potentialAction\":[{\"@type\":\"SearchAction\",\"target\":{\"@type\":\"EntryPoint\",\"urlTemplate\":\"https:\/\/www.lokbest-store.com\/fr\/?s={search_term_string}\"},\"query-input\":{\"@type\":\"PropertyValueSpecification\",\"valueRequired\":true,\"valueName\":\"search_term_string\"}}],\"inLanguage\":\"fr-FR\"},{\"@type\":\"Organization\",\"@id\":\"https:\/\/www.lokbest-store.com\/fr\/#organization\",\"name\":\"LOKBEST Store\",\"url\":\"https:\/\/www.lokbest-store.com\/fr\/\",\"logo\":{\"@type\":\"ImageObject\",\"inLanguage\":\"fr-FR\",\"@id\":\"https:\/\/www.lokbest-store.com\/fr\/#\/schema\/logo\/image\/\",\"url\":\"https:\/\/www.lokbest-store.com\/wp-content\/uploads\/2022\/04\/lokbest-store-logo2.svg\",\"contentUrl\":\"https:\/\/www.lokbest-store.com\/wp-content\/uploads\/2022\/04\/lokbest-store-logo2.svg\",\"width\":\"1024\",\"height\":\"1024\",\"caption\":\"LOKBEST Store\"},\"image\":{\"@id\":\"https:\/\/www.lokbest-store.com\/fr\/#\/schema\/logo\/image\/\"}}]}<\/script>\n<!-- \/ Yoast SEO Premium plugin. -->","yoast_head_json":{"title":"Mentions l\u00e9gales - LOKBEST Store","robots":{"index":"noindex","follow":"follow"},"og_locale":"fr_FR","og_type":"article","og_title":"Mentions l\u00e9gales","og_url":"https:\/\/www.lokbest-store.com\/fr\/mentions-legales\/","og_site_name":"LOKBEST Store","article_modified_time":"2025-07-03T11:14:39+00:00","twitter_card":"summary_large_image","twitter_misc":{"Dur\u00e9e de lecture estim\u00e9e":"5 minutes"},"schema":{"@context":"https:\/\/schema.org","@graph":[{"@type":"WebPage","@id":"https:\/\/www.lokbest-store.com\/fr\/mentions-legales\/","url":"https:\/\/www.lokbest-store.com\/fr\/mentions-legales\/","name":"Mentions l\u00e9gales - LOKBEST Store","isPartOf":{"@id":"https:\/\/www.lokbest-store.com\/fr\/#website"},"datePublished":"2014-08-29T00:09:43+00:00","dateModified":"2025-07-03T11:14:39+00:00","breadcrumb":{"@id":"https:\/\/www.lokbest-store.com\/fr\/mentions-legales\/#breadcrumb"},"inLanguage":"fr-FR","potentialAction":[{"@type":"ReadAction","target":["https:\/\/www.lokbest-store.com\/fr\/mentions-legales\/"]}]},{"@type":"BreadcrumbList","@id":"https:\/\/www.lokbest-store.com\/fr\/mentions-legales\/#breadcrumb","itemListElement":[{"@type":"ListItem","position":1,"name":"Startseite","item":"https:\/\/www.lokbest-store.com\/fr\/"},{"@type":"ListItem","position":2,"name":"Mentions l\u00e9gales"}]},{"@type":"WebSite","@id":"https:\/\/www.lokbest-store.com\/fr\/#website","url":"https:\/\/www.lokbest-store.com\/fr\/","name":"LOKBEST Store","description":"","publisher":{"@id":"https:\/\/www.lokbest-store.com\/fr\/#organization"},"potentialAction":[{"@type":"SearchAction","target":{"@type":"EntryPoint","urlTemplate":"https:\/\/www.lokbest-store.com\/fr\/?s={search_term_string}"},"query-input":{"@type":"PropertyValueSpecification","valueRequired":true,"valueName":"search_term_string"}}],"inLanguage":"fr-FR"},{"@type":"Organization","@id":"https:\/\/www.lokbest-store.com\/fr\/#organization","name":"LOKBEST Store","url":"https:\/\/www.lokbest-store.com\/fr\/","logo":{"@type":"ImageObject","inLanguage":"fr-FR","@id":"https:\/\/www.lokbest-store.com\/fr\/#\/schema\/logo\/image\/","url":"https:\/\/www.lokbest-store.com\/wp-content\/uploads\/2022\/04\/lokbest-store-logo2.svg","contentUrl":"https:\/\/www.lokbest-store.com\/wp-content\/uploads\/2022\/04\/lokbest-store-logo2.svg","width":"1024","height":"1024","caption":"LOKBEST Store"},"image":{"@id":"https:\/\/www.lokbest-store.com\/fr\/#\/schema\/logo\/image\/"}}]}},"_links":{"self":[{"href":"https:\/\/www.lokbest-store.com\/fr\/wp-json\/wp\/v2\/pages\/14882","targetHints":{"allow":["GET"]}}],"collection":[{"href":"https:\/\/www.lokbest-store.com\/fr\/wp-json\/wp\/v2\/pages"}],"about":[{"href":"https:\/\/www.lokbest-store.com\/fr\/wp-json\/wp\/v2\/types\/page"}],"author":[{"embeddable":true,"href":"https:\/\/www.lokbest-store.com\/fr\/wp-json\/wp\/v2\/users\/3"}],"replies":[{"embeddable":true,"href":"https:\/\/www.lokbest-store.com\/fr\/wp-json\/wp\/v2\/comments?post=14882"}],"version-history":[{"count":9,"href":"https:\/\/www.lokbest-store.com\/fr\/wp-json\/wp\/v2\/pages\/14882\/revisions"}],"predecessor-version":[{"id":59245,"href":"https:\/\/www.lokbest-store.com\/fr\/wp-json\/wp\/v2\/pages\/14882\/revisions\/59245"}],"wp:attachment":[{"href":"https:\/\/www.lokbest-store.com\/fr\/wp-json\/wp\/v2\/media?parent=14882"}],"curies":[{"name":"wp","href":"https:\/\/api.w.org\/{rel}","templated":true}]}}